{"id":624,"date":"2021-08-26T09:01:26","date_gmt":"2021-08-26T09:01:26","guid":{"rendered":"https:\/\/el3.thembaydev.com\/greenmart_fresh\/?page_id=624"},"modified":"2024-07-09T11:40:20","modified_gmt":"2024-07-09T15:40:20","slug":"term-of-use","status":"publish","type":"page","link":"https:\/\/tienda.renetaxis.com\/index.php\/term-of-use\/","title":{"rendered":"T\u00e9rminos y Condiciones"},"content":{"rendered":"\t\t<div data-elementor-type=\"wp-page\" data-elementor-id=\"624\" class=\"elementor elementor-624\">\n\t\t\t\t\t\t<section class=\"elementor-section elementor-top-section elementor-element elementor-element-24957ce elementor-section-stretched elementor-section-boxed elementor-section-height-default elementor-section-height-default\" data-id=\"24957ce\" data-element_type=\"section\" data-settings=\"{&quot;stretch_section&quot;:&quot;section-stretched&quot;}\">\n\t\t\t\t\t\t<div class=\"elementor-container elementor-column-gap-default\">\n\t\t\t\t\t<div class=\"elementor-column elementor-col-100 elementor-top-column elementor-element elementor-element-92b40db\" data-id=\"92b40db\" data-element_type=\"column\">\n\t\t\t<div class=\"elementor-widget-wrap elementor-element-populated\">\n\t\t\t\t\t\t<div class=\"elementor-element elementor-element-1c69455 elementor-widget elementor-widget-text-editor\" data-id=\"1c69455\" data-element_type=\"widget\" data-widget_type=\"text-editor.default\">\n\t\t\t\t<div class=\"elementor-widget-container\">\n\t\t\t<style>\/*! elementor - v3.21.0 - 25-04-2024 *\/\n.elementor-widget-text-editor.elementor-drop-cap-view-stacked .elementor-drop-cap{background-color:#69727d;color:#fff}.elementor-widget-text-editor.elementor-drop-cap-view-framed .elementor-drop-cap{color:#69727d;border:3px solid;background-color:transparent}.elementor-widget-text-editor:not(.elementor-drop-cap-view-default) .elementor-drop-cap{margin-top:8px}.elementor-widget-text-editor:not(.elementor-drop-cap-view-default) .elementor-drop-cap-letter{width:1em;height:1em}.elementor-widget-text-editor .elementor-drop-cap{float:left;text-align:center;line-height:1;font-size:50px}.elementor-widget-text-editor .elementor-drop-cap-letter{display:inline-block}<\/style>\t\t\t\t<p><span style=\"color: #474b4f; font-family: Roboto, sans-serif;\">\u00a1Bienvenido a Tienda Renetaxis!<\/span><\/p><p>\u00a0<\/p><p>Estos t\u00e9rminos y condiciones describen las reglas y regulaciones para el uso del sitio web de Tienda Renetaxis, ubicado en #########.<\/p><p style=\"margin-bottom: 16px; padding: 0px; color: #474b4f; font-family: Roboto, sans-serif;\">Al acceder a este sitio web, asumimos que aceptas estos t\u00e9rminos y condiciones. No contin\u00faes usando Tienda Renetaxis si no est\u00e1s de acuerdo con todos los t\u00e9rminos y condiciones establecidos en esta p\u00e1gina.<\/p>\t\t\t\t\t\t<\/div>\n\t\t\t\t<\/div>\n\t\t\t\t<div class=\"elementor-element elementor-element-a5c3ed6 elementor-widget elementor-widget-tbay-heading\" data-id=\"a5c3ed6\" data-element_type=\"widget\" data-widget_type=\"tbay-heading.default\">\n\t\t\t\t<div class=\"elementor-widget-container\">\n\t\t\t\r\n<div class=\"tbay-element tbay-element-heading\">\r\n\t\t\t\t<h4 class=\"heading-tbay-title\">\r\n\t\t\t\t\t\t\t\t\t<span class=\"title\">Licencia:<\/span>\r\n\t\t\t\t\t    \t\r\n\t\t\t\t\t\t\t<\/h4>\r\n\t\t<\/div>\t\t<\/div>\n\t\t\t\t<\/div>\n\t\t\t\t<div class=\"elementor-element elementor-element-0e3cc43 elementor-widget elementor-widget-text-editor\" data-id=\"0e3cc43\" data-element_type=\"widget\" data-widget_type=\"text-editor.default\">\n\t\t\t\t<div class=\"elementor-widget-container\">\n\t\t\t\t\t\t\t<p style=\"margin-bottom: 16px; padding: 0px; color: #474b4f; font-family: Roboto, sans-serif;\">A menos que se indique lo contrario, Tienda Renetaxis\u00a0y\/o sus licenciantes poseen los derechos de propiedad intelectual de todo el material en Tienda Renetaxis. Todos los derechos de propiedad intelectual son reservados. Puedes acceder desde Tienda Renetaxis\u00a0para tu uso personal sujeto a las restricciones establecidas en estos t\u00e9rminos y condiciones.<\/p><p style=\"margin-bottom: 16px; padding: 0px; color: #474b4f; font-family: Roboto, sans-serif;\">No debes:<\/p>\t\t\t\t\t\t<\/div>\n\t\t\t\t<\/div>\n\t\t\t\t<div class=\"elementor-element elementor-element-55186e4 elementor-widget elementor-widget-text-editor\" data-id=\"55186e4\" data-element_type=\"widget\" data-widget_type=\"text-editor.default\">\n\t\t\t\t<div class=\"elementor-widget-container\">\n\t\t\t\t\t\t\t<ul><li style=\"padding: 0px; margin: 0px;\">Copiar o volver a publicar material de Tienda Renetaxis<\/li><li style=\"padding: 0px; margin: 0px;\">Vender, alquilar o sublicenciar material de Tienda Renetaxis<\/li><li style=\"padding: 0px; margin: 0px;\">Reproducir, duplicar o copiar material de Tienda Renetaxis<\/li><li style=\"padding: 0px; margin: 0px;\">Redistribuir contenido de Tienda Renetaxis<\/li><\/ul>\t\t\t\t\t\t<\/div>\n\t\t\t\t<\/div>\n\t\t\t\t<div class=\"elementor-element elementor-element-b25f2a1 elementor-widget elementor-widget-text-editor\" data-id=\"b25f2a1\" data-element_type=\"widget\" data-widget_type=\"text-editor.default\">\n\t\t\t\t<div class=\"elementor-widget-container\">\n\t\t\t\t\t\t\t<p>Partes de este sitio web ofrecen a los usuarios la oportunidad de publicar e intercambiar opiniones e informaci\u00f3n en determinadas \u00e1reas.&nbsp;<span style=\"color: rgb(71, 75, 79); font-family: Roboto, sans-serif;\">Tienda Renetaxis<\/span><span style=\"font-family: var(--tb-text-primary-font);\">&nbsp;no filtra, edita, publica ni revisa los comentarios antes de su presencia en el sitio web. Los comentarios no reflejan los puntos de vista ni las opiniones de&nbsp;<\/span><span style=\"color: rgb(71, 75, 79); font-family: Roboto, sans-serif;\">Tienda Renetaxis<\/span><span style=\"font-family: var(--tb-text-primary-font);\">&nbsp;, sus agentes y\/o afiliados. Los comentarios reflejan los puntos de vista y opiniones de la persona que publica. En la medida en que lo permitan las leyes aplicables,&nbsp;<\/span><span style=\"color: rgb(71, 75, 79); font-family: Roboto, sans-serif;\">Tienda Renetaxis<\/span><span style=\"font-family: var(--tb-text-primary-font);\">&nbsp;no ser\u00e1 responsable de los comentarios ni de ninguna responsabilidad, da\u00f1os o gastos causados o sufridos como resultado de cualquier uso o publicaci\u00f3n o apariencia de comentarios en este sitio web.<\/span><\/p>\n<p><span style=\"color: rgb(71, 75, 79); font-family: Roboto, sans-serif;\">Tienda Renetaxis<\/span>&nbsp;se reserva el derecho de monitorear todos los comentarios y eliminar los que puedan considerarse inapropiados, ofensivos o que incumplan estos T\u00e9rminos y Condiciones.<\/p>\t\t\t\t\t\t<\/div>\n\t\t\t\t<\/div>\n\t\t\t\t<div class=\"elementor-element elementor-element-cca9937 elementor-widget elementor-widget-text-editor\" data-id=\"cca9937\" data-element_type=\"widget\" data-widget_type=\"text-editor.default\">\n\t\t\t\t<div class=\"elementor-widget-container\">\n\t\t\t\t\t\t\t<p><span style=\"color: #474b4f; font-family: Roboto, sans-serif;\">Garantizas y declaras que:<\/span><\/p>\t\t\t\t\t\t<\/div>\n\t\t\t\t<\/div>\n\t\t\t\t<div class=\"elementor-element elementor-element-50fe082 elementor-widget elementor-widget-text-editor\" data-id=\"50fe082\" data-element_type=\"widget\" data-widget_type=\"text-editor.default\">\n\t\t\t\t<div class=\"elementor-widget-container\">\n\t\t\t\t\t\t\t<ul><li>Tienes derecho a publicar comentarios en nuestro sitio web y tienes todas las licencias y consentimientos necesarios para hacerlo;<\/li><li>Los comentarios no invaden ning\u00fan derecho de propiedad intelectual, incluidos, entre otros, los derechos de autor, patentes o marcas comerciales de terceros;<\/li><li>Los comentarios no contienen ning\u00fan material difamatorio, calumnioso, ofensivo, indecente o ilegal de otro modo, que sea una invasi\u00f3n de la privacidad.<\/li><li>Los comentarios no se utilizar\u00e1n para solicitar o promover negocios o actividades comerciales personalizadas o presentes o actividades ilegales.<\/li><\/ul>\t\t\t\t\t\t<\/div>\n\t\t\t\t<\/div>\n\t\t\t\t<div class=\"elementor-element elementor-element-68e3472 elementor-widget elementor-widget-tbay-heading\" data-id=\"68e3472\" data-element_type=\"widget\" data-widget_type=\"tbay-heading.default\">\n\t\t\t\t<div class=\"elementor-widget-container\">\n\t\t\t\r\n<div class=\"tbay-element tbay-element-heading\">\r\n\t\t\t\t<h4 class=\"heading-tbay-title\">\r\n\t\t\t\t\t\t\t\t\t<span class=\"title\">Hiperv\u00ednculos a nuestro contenido:<\/span>\r\n\t\t\t\t\t    \t\r\n\t\t\t\t\t\t\t<\/h4>\r\n\t\t<\/div>\t\t<\/div>\n\t\t\t\t<\/div>\n\t\t\t\t<div class=\"elementor-element elementor-element-a508524 elementor-widget elementor-widget-text-editor\" data-id=\"a508524\" data-element_type=\"widget\" data-widget_type=\"text-editor.default\">\n\t\t\t\t<div class=\"elementor-widget-container\">\n\t\t\t\t\t\t\t<p>Las siguientes organizaciones pueden vincularse a nuestro sitio web sin aprobaci\u00f3n previa por escrito:<\/p>\t\t\t\t\t\t<\/div>\n\t\t\t\t<\/div>\n\t\t\t\t<div class=\"elementor-element elementor-element-58924a5 elementor-widget elementor-widget-text-editor\" data-id=\"58924a5\" data-element_type=\"widget\" data-widget_type=\"text-editor.default\">\n\t\t\t\t<div class=\"elementor-widget-container\">\n\t\t\t\t\t\t\t<ul><li>Agencias gubernamentales;<\/li><li>Motores de b\u00fasqueda;<\/li><li>Organizaciones de noticias;<\/li><li>Los distribuidores de directorios en l\u00ednea pueden vincularse a nuestro sitio web de la misma manera que hacen hiperv\u00ednculos a los sitios web de otras empresas que figuran en la lista; y<\/li><li>Empresas acreditadas en todo el sistema, excepto que soliciten organizaciones sin fines de lucro, centros comerciales de caridad y grupos de recaudaci\u00f3n de fondos de caridad que no pueden hacer hiperv\u00ednculos a nuestro sitio web.<\/li><\/ul>\t\t\t\t\t\t<\/div>\n\t\t\t\t<\/div>\n\t\t\t\t<div class=\"elementor-element elementor-element-ef25939 elementor-widget elementor-widget-text-editor\" data-id=\"ef25939\" data-element_type=\"widget\" data-widget_type=\"text-editor.default\">\n\t\t\t\t<div class=\"elementor-widget-container\">\n\t\t\t\t\t\t\t<p>Estas organizaciones pueden enlazar a nuestra p\u00e1gina de inicio, a publicaciones o a otra informaci\u00f3n del sitio siempre que el enlace: (a) no sea enga\u00f1oso de ninguna manera; (b) no implique falsamente patrocinio, respaldo o aprobaci\u00f3n de la parte vinculante y sus productos y\/o servicios; y (c) encaja en el contexto del sitio de la parte vinculante.<\/p>\t\t\t\t\t\t<\/div>\n\t\t\t\t<\/div>\n\t\t\t\t<div class=\"elementor-element elementor-element-103c2ed elementor-widget elementor-widget-text-editor\" data-id=\"103c2ed\" data-element_type=\"widget\" data-widget_type=\"text-editor.default\">\n\t\t\t\t<div class=\"elementor-widget-container\">\n\t\t\t\t\t\t\t<p>Podemos considerar y aprobar otras solicitudes de enlaces de los siguientes tipos de organizaciones:<\/p>\t\t\t\t\t\t<\/div>\n\t\t\t\t<\/div>\n\t\t\t\t<div class=\"elementor-element elementor-element-a54b362 elementor-widget elementor-widget-text-editor\" data-id=\"a54b362\" data-element_type=\"widget\" data-widget_type=\"text-editor.default\">\n\t\t\t\t<div class=\"elementor-widget-container\">\n\t\t\t\t\t\t\t<ul><li>fuentes de informaci\u00f3n de consumidores y\/o empresas com\u00fanmente conocidas;<\/li><li>sitios de la comunidad .com;<\/li><li>asociaciones u otros grupos que representan organizaciones ben\u00e9ficas;<\/li><li>distribuidores de directorios en l\u00ednea;<\/li><li>portales de Internet;<\/li><li>firmas de contabilidad, derecho y consultor\u00eda; y<\/li><li>instituciones educativas y asociaciones comerciales.<\/li><\/ul>\t\t\t\t\t\t<\/div>\n\t\t\t\t<\/div>\n\t\t\t\t<div class=\"elementor-element elementor-element-e90a4e9 elementor-widget elementor-widget-text-editor\" data-id=\"e90a4e9\" data-element_type=\"widget\" data-widget_type=\"text-editor.default\">\n\t\t\t\t<div class=\"elementor-widget-container\">\n\t\t\t\t\t\t\t<p>Aprobaremos las solicitudes de enlace de estas organizaciones si: (a) el enlace no nos har\u00eda vernos desfavorablemente a nosotros mismos ni a nuestras empresas acreditadas; (b) la organizaci\u00f3n no tiene registros negativos con nosotros; (c) el beneficio para nosotros de la visibilidad del hiperv\u00ednculo compensa la ausencia de\u00a0<span style=\"color: #474b4f; font-family: Roboto, sans-serif;\">Tienda Renetaxis<\/span>\u00a0; y (d) el enlace est\u00e1 en el contexto de informaci\u00f3n general de recursos.<\/p>\t\t\t\t\t\t<\/div>\n\t\t\t\t<\/div>\n\t\t\t\t<div class=\"elementor-element elementor-element-3be94e8 elementor-widget elementor-widget-text-editor\" data-id=\"3be94e8\" data-element_type=\"widget\" data-widget_type=\"text-editor.default\">\n\t\t\t\t<div class=\"elementor-widget-container\">\n\t\t\t\t\t\t\t<p>Estas organizaciones pueden enlazar a nuestra p\u00e1gina de inicio siempre que el enlace: (a) no sea enga\u00f1oso de ninguna manera; (b) no implique falsamente patrocinio, respaldo o aprobaci\u00f3n de la parte vinculante y sus productos o servicios; y (c) encaja en el contexto del sitio de la parte vinculante.<\/p>\t\t\t\t\t\t<\/div>\n\t\t\t\t<\/div>\n\t\t\t\t<div class=\"elementor-element elementor-element-2917f20 elementor-widget elementor-widget-text-editor\" data-id=\"2917f20\" data-element_type=\"widget\" data-widget_type=\"text-editor.default\">\n\t\t\t\t<div class=\"elementor-widget-container\">\n\t\t\t\t\t\t\t<p>Si eres una de las organizaciones enumeradas en el p\u00e1rrafo 2 y est\u00e1s interesada en vincularte a nuestro sitio web, debes informarnos enviando un correo electr\u00f3nico a\u00a0<span style=\"color: #474b4f; font-family: Roboto, sans-serif;\">Tienda Renetaxis<\/span>\u00a0. Incluye tu nombre, el nombre de tu organizaci\u00f3n, la informaci\u00f3n de contacto, as\u00ed como la URL de tu sitio, una lista de las URL desde las que tienes la intenci\u00f3n de vincular a nuestro sitio web y una lista de las URL de nuestro sitio a las que te gustar\u00eda acceder. Espera 2-3 semanas para recibir una respuesta.<\/p>\t\t\t\t\t\t<\/div>\n\t\t\t\t<\/div>\n\t\t\t\t<div class=\"elementor-element elementor-element-4e456f6 elementor-widget elementor-widget-text-editor\" data-id=\"4e456f6\" data-element_type=\"widget\" data-widget_type=\"text-editor.default\">\n\t\t\t\t<div class=\"elementor-widget-container\">\n\t\t\t\t\t\t\t<p>Las organizaciones aprobadas pueden hacer hiperv\u00ednculos a nuestro sitio web de la siguiente manera:<\/p>\t\t\t\t\t\t<\/div>\n\t\t\t\t<\/div>\n\t\t\t\t<div class=\"elementor-element elementor-element-35dccbe elementor-widget elementor-widget-text-editor\" data-id=\"35dccbe\" data-element_type=\"widget\" data-widget_type=\"text-editor.default\">\n\t\t\t\t<div class=\"elementor-widget-container\">\n\t\t\t\t\t\t\t<ul><li>Mediante el uso de nuestro nombre corporativo; o<\/li><li>Mediante el uso del localizador uniforme de recursos al que se est\u00e1 vinculando; o<\/li><li>Usar cualquier otra descripci\u00f3n de nuestro sitio web al que est\u00e1 vinculado que tenga sentido dentro del contexto y formato del contenido en el sitio de la parte vinculante.<\/li><\/ul>\t\t\t\t\t\t<\/div>\n\t\t\t\t<\/div>\n\t\t\t\t<div class=\"elementor-element elementor-element-0dae15e elementor-widget elementor-widget-text-editor\" data-id=\"0dae15e\" data-element_type=\"widget\" data-widget_type=\"text-editor.default\">\n\t\t\t\t<div class=\"elementor-widget-container\">\n\t\t\t\t\t\t\t<p>No se permitir\u00e1 el uso del logotipo de&nbsp;<span style=\"color: rgb(71, 75, 79); font-family: Roboto, sans-serif;\">Tienda Renetaxis<\/span>&nbsp;u otro material gr\u00e1fico para vincular sin un acuerdo de licencia de marca comercial.<\/p>\t\t\t\t\t\t<\/div>\n\t\t\t\t<\/div>\n\t\t\t\t<div class=\"elementor-element elementor-element-38e1e0b elementor-widget elementor-widget-tbay-heading\" data-id=\"38e1e0b\" data-element_type=\"widget\" data-widget_type=\"tbay-heading.default\">\n\t\t\t\t<div class=\"elementor-widget-container\">\n\t\t\t\r\n<div class=\"tbay-element tbay-element-heading\">\r\n\t\t\t\t<h4 class=\"heading-tbay-title\">\r\n\t\t\t\t\t\t\t\t\t<span class=\"title\">Responsabilidad del contenido:<\/span>\r\n\t\t\t\t\t    \t\r\n\t\t\t\t\t\t\t<\/h4>\r\n\t\t<\/div>\t\t<\/div>\n\t\t\t\t<\/div>\n\t\t\t\t<div class=\"elementor-element elementor-element-03f3e20 elementor-widget elementor-widget-text-editor\" data-id=\"03f3e20\" data-element_type=\"widget\" data-widget_type=\"text-editor.default\">\n\t\t\t\t<div class=\"elementor-widget-container\">\n\t\t\t\t\t\t\t<p>No seremos responsables de ning\u00fan contenido que aparezca en tu sitio web. Aceptas protegernos y defendernos contra todas las reclamaciones que se presenten en tu sitio web. Ning\u00fan enlace(s) debe aparecer en ning\u00fan sitio web que pueda interpretarse como difamatorio, obsceno o criminal, o que infrinja, de otra manera viole o defienda la infracci\u00f3n u otra violaci\u00f3n de los derechos de terceros.<\/p>\t\t\t\t\t\t<\/div>\n\t\t\t\t<\/div>\n\t\t\t\t<div class=\"elementor-element elementor-element-0f81b68 elementor-widget elementor-widget-tbay-heading\" data-id=\"0f81b68\" data-element_type=\"widget\" data-widget_type=\"tbay-heading.default\">\n\t\t\t\t<div class=\"elementor-widget-container\">\n\t\t\t\r\n<div class=\"tbay-element tbay-element-heading\">\r\n\t\t\t\t<h4 class=\"heading-tbay-title\">\r\n\t\t\t\t\t\t\t\t\t<span class=\"title\">Reserva de derechos:<\/span>\r\n\t\t\t\t\t    \t\r\n\t\t\t\t\t\t\t<\/h4>\r\n\t\t<\/div>\t\t<\/div>\n\t\t\t\t<\/div>\n\t\t\t\t<div class=\"elementor-element elementor-element-a6cd601 elementor-widget elementor-widget-text-editor\" data-id=\"a6cd601\" data-element_type=\"widget\" data-widget_type=\"text-editor.default\">\n\t\t\t\t<div class=\"elementor-widget-container\">\n\t\t\t\t\t\t\t<p>Nos reservamos el derecho de solicitar que elimines todos los enlaces o cualquier enlace en particular a nuestro sitio web. Apruebas eliminar de inmediato todos los enlaces a nuestro sitio web cuando se solicite. Tambi\u00e9n nos reservamos el derecho de modificar estos t\u00e9rminos y condiciones y su pol\u00edtica de enlaces en cualquier momento. Al vincular continuamente a nuestro sitio web, aceptas estar vinculado y seguir estos t\u00e9rminos y condiciones de vinculaci\u00f3n.<\/p>\t\t\t\t\t\t<\/div>\n\t\t\t\t<\/div>\n\t\t\t\t<div class=\"elementor-element elementor-element-33b9409 elementor-widget elementor-widget-tbay-heading\" data-id=\"33b9409\" data-element_type=\"widget\" data-widget_type=\"tbay-heading.default\">\n\t\t\t\t<div class=\"elementor-widget-container\">\n\t\t\t\r\n<div class=\"tbay-element tbay-element-heading\">\r\n\t\t\t\t<h4 class=\"heading-tbay-title\">\r\n\t\t\t\t\t\t\t\t\t<span class=\"title\">Eliminaci\u00f3n de enlaces de nuestro sitio web:<\/span>\r\n\t\t\t\t\t    \t\r\n\t\t\t\t\t\t\t<\/h4>\r\n\t\t<\/div>\t\t<\/div>\n\t\t\t\t<\/div>\n\t\t\t\t<div class=\"elementor-element elementor-element-5955e6c elementor-widget elementor-widget-text-editor\" data-id=\"5955e6c\" data-element_type=\"widget\" data-widget_type=\"text-editor.default\">\n\t\t\t\t<div class=\"elementor-widget-container\">\n\t\t\t\t\t\t\t<p>Si encuentras alg\u00fan enlace en nuestro sitio que sea ofensivo por cualquier motivo, puedes contactarnos e informarnos en cualquier momento. Consideraremos las solicitudes para eliminar enlaces, pero no estamos obligados a hacerlo ni a responder directamente.<\/p>\t\t\t\t\t\t<\/div>\n\t\t\t\t<\/div>\n\t\t\t\t<div class=\"elementor-element elementor-element-38e0317 elementor-widget elementor-widget-text-editor\" data-id=\"38e0317\" data-element_type=\"widget\" data-widget_type=\"text-editor.default\">\n\t\t\t\t<div class=\"elementor-widget-container\">\n\t\t\t\t\t\t\t<p>No nos aseguramos de que la informaci\u00f3n de este sitio web sea correcta. No garantizamos su integridad o precisi\u00f3n, ni prometemos asegurarnos de que el sitio web permanezca disponible o que el material en el sitio se mantenga actualizado.<\/p>\t\t\t\t\t\t<\/div>\n\t\t\t\t<\/div>\n\t\t\t\t<div class=\"elementor-element elementor-element-c4dc8ab elementor-widget elementor-widget-tbay-heading\" data-id=\"c4dc8ab\" data-element_type=\"widget\" data-widget_type=\"tbay-heading.default\">\n\t\t\t\t<div class=\"elementor-widget-container\">\n\t\t\t\r\n<div class=\"tbay-element tbay-element-heading\">\r\n\t\t\t\t<h4 class=\"heading-tbay-title\">\r\n\t\t\t\t\t\t\t\t\t<span class=\"title\">Exenci\u00f3n de responsabilidad:<\/span>\r\n\t\t\t\t\t    \t\r\n\t\t\t\t\t\t\t<\/h4>\r\n\t\t<\/div>\t\t<\/div>\n\t\t\t\t<\/div>\n\t\t\t\t<div class=\"elementor-element elementor-element-d79402c elementor-widget elementor-widget-text-editor\" data-id=\"d79402c\" data-element_type=\"widget\" data-widget_type=\"text-editor.default\">\n\t\t\t\t<div class=\"elementor-widget-container\">\n\t\t\t\t\t\t\t<p>En la medida m\u00e1xima permitida por la ley aplicable, excluimos todas las representaciones, garant\u00edas y condiciones relacionadas con nuestro sitio web y el uso de este. Nada en este descargo de responsabilidad:<\/p>\t\t\t\t\t\t<\/div>\n\t\t\t\t<\/div>\n\t\t\t\t<div class=\"elementor-element elementor-element-b2d78b3 elementor-widget elementor-widget-text-editor\" data-id=\"b2d78b3\" data-element_type=\"widget\" data-widget_type=\"text-editor.default\">\n\t\t\t\t<div class=\"elementor-widget-container\">\n\t\t\t\t\t\t\t<ul><li>limitar\u00e1 o excluir\u00e1 nuestra responsabilidad o la tuya por muerte o lesiones personales;<\/li><li>limitar\u00e1 o excluir\u00e1 nuestra responsabilidad o la tuya por fraude o tergiversaci\u00f3n fraudulenta;<\/li><li>limitar\u00e1 cualquiera de nuestras responsabilidades o las tuyas de cualquier manera que no est\u00e9 permitida por la ley aplicable; o<\/li><li>excluir\u00e1 cualquiera de nuestras responsabilidades o las tuyas que no puedan estar excluidas seg\u00fan la ley aplicable.<\/li><\/ul>\t\t\t\t\t\t<\/div>\n\t\t\t\t<\/div>\n\t\t\t\t<div class=\"elementor-element elementor-element-c15e901 elementor-widget elementor-widget-text-editor\" data-id=\"c15e901\" data-element_type=\"widget\" data-widget_type=\"text-editor.default\">\n\t\t\t\t<div class=\"elementor-widget-container\">\n\t\t\t\t\t\t\t<p>Las limitaciones y prohibiciones de responsabilidad establecidas en esta secci\u00f3n y en otras partes de este descargo de responsabilidad: (a) est\u00e1n sujetas al p\u00e1rrafo anterior; y (b) regir\u00e1 todas las responsabilidades que surjan en virtud de la exenci\u00f3n de responsabilidad, incluidas las responsabilidades que surjan en el contrato, en agravio y por incumplimiento de la obligaci\u00f3n legal.<\/p>\t\t\t\t\t\t<\/div>\n\t\t\t\t<\/div>\n\t\t\t\t<div class=\"elementor-element elementor-element-7ba3f37 elementor-widget elementor-widget-text-editor\" data-id=\"7ba3f37\" data-element_type=\"widget\" data-widget_type=\"text-editor.default\">\n\t\t\t\t<div class=\"elementor-widget-container\">\n\t\t\t\t\t\t\t<p>Siempre que el sitio web y la informaci\u00f3n y los servicios en el sitio se proporcionen de forma gratuita, no seremos responsables de ninguna p\u00e9rdida o da\u00f1o de cualquier naturaleza.<\/p>\t\t\t\t\t\t<\/div>\n\t\t\t\t<\/div>\n\t\t\t\t\t<\/div>\n\t\t<\/div>\n\t\t\t\t\t<\/div>\n\t\t<\/section>\n\t\t\t\t<\/div>\n\t\t","protected":false},"excerpt":{"rendered":"<p>\u00a1Bienvenido a Tienda Renetaxis! \u00a0 Estos t\u00e9rminos y condiciones describen las reglas y regulaciones para el uso del sitio web de Tienda Renetaxis, ubicado en #########. Al acceder a este sitio web, asumimos que aceptas estos t\u00e9rminos y condiciones. No contin\u00faes usando Tienda Renetaxis si no est\u00e1s de acuerdo con todos los t\u00e9rminos y condiciones &hellip; <a href=\"https:\/\/tienda.renetaxis.com\/index.php\/term-of-use\/\" class=\"more-link\">Continue reading <span class=\"screen-reader-text\">T\u00e9rminos y Condiciones<\/span><\/a><\/p>\n","protected":false},"author":1,"featured_media":0,"parent":0,"menu_order":0,"comment_status":"closed","ping_status":"closed","template":"","meta":{"inline_featured_image":false,"footnotes":"","_joinchat":[]},"aioseo_notices":[],"jetpack_sharing_enabled":true,"_links":{"self":[{"href":"https:\/\/tienda.renetaxis.com\/index.php\/wp-json\/wp\/v2\/pages\/624"}],"collection":[{"href":"https:\/\/tienda.renetaxis.com\/index.php\/wp-json\/wp\/v2\/pages"}],"about":[{"href":"https:\/\/tienda.renetaxis.com\/index.php\/wp-json\/wp\/v2\/types\/page"}],"author":[{"embeddable":true,"href":"https:\/\/tienda.renetaxis.com\/index.php\/wp-json\/wp\/v2\/users\/1"}],"replies":[{"embeddable":true,"href":"https:\/\/tienda.renetaxis.com\/index.php\/wp-json\/wp\/v2\/comments?post=624"}],"version-history":[{"count":43,"href":"https:\/\/tienda.renetaxis.com\/index.php\/wp-json\/wp\/v2\/pages\/624\/revisions"}],"predecessor-version":[{"id":6269,"href":"https:\/\/tienda.renetaxis.com\/index.php\/wp-json\/wp\/v2\/pages\/624\/revisions\/6269"}],"wp:attachment":[{"href":"https:\/\/tienda.renetaxis.com\/index.php\/wp-json\/wp\/v2\/media?parent=624"}],"curies":[{"name":"wp","href":"https:\/\/api.w.org\/{rel}","templated":true}]}}